{"id":541,"date":"2024-04-08T17:30:34","date_gmt":"2024-04-08T20:30:34","guid":{"rendered":"https:\/\/editoraarsregia.com\/?post_type=product&#038;p=541"},"modified":"2025-08-21T17:47:29","modified_gmt":"2025-08-21T20:47:29","slug":"alexander-dugin-a-quarta-teoria-politica","status":"publish","type":"product","link":"https:\/\/editoraarsregia.com\/?product=alexander-dugin-a-quarta-teoria-politica","title":{"rendered":"Alexander Dugin &#8211; A Quarta Teoria Pol\u00edtica"},"content":{"rendered":"<p>Quarta Teoria Pol\u00edtica: O fim da Guerra Fria, com a vit\u00f3ria dos EUA, assinalou o triunfo do liberalismo sobre todos os seus rivais hist\u00f3ricos e inaugurou o momento unipolar na geopol\u00edtica mundial. Os ide\u00f3logos liberais, exultantes, anunciaram o &#8220;Fim da Hist\u00f3ria&#8221;. Agora, restava aos EUA simplesmente guiar o planeta, suavemente, em dire\u00e7\u00e3o \u00e0 &#8220;utopia&#8221; de um grande mercado global sem fronteiras. Contra essa &#8220;utopia&#8221;, por\u00e9m, surgem vozes dissonantes entre religi\u00f5es e movimentos pol\u00edticos, tanto no Terceiro Mundo como no Primeiro Mundo. Ao rejeitarem o novo dogma politicamente correto do globalismo, essas vozes s\u00e3o acusadas de fundamentalismo e populismo, e exclu\u00eddas da humanidade. Para ajudar a instruir e guiar essa resist\u00eancia \u00e0 distopia global, surge este livro, escrito pelo professor e fil\u00f3sofo russo Alexander Dugin.<\/p>\n<p>&nbsp;<\/p>\n","protected":false},"excerpt":{"rendered":"<p>Quarta Teoria Pol\u00edtica: O fim da Guerra Fria, com a vit\u00f3ria dos EUA, assinalou o triunfo do liberalismo sobre todos os seus rivais hist\u00f3ricos e inaugurou o momento unipolar na geopol\u00edtica mundial. Os ide\u00f3logos liberais, exultantes, anunciaram o &#8220;Fim da Hist\u00f3ria&#8221;. Agora, restava aos EUA simplesmente guiar o planeta, suavemente, em dire\u00e7\u00e3o \u00e0 &#8220;utopia&#8221; de [&hellip;]<\/p>\n","protected":false},"featured_media":542,"comment_status":"open","ping_status":"closed","template":"","meta":{"_monsterinsights_skip_tracking":false,"_monsterinsights_sitenote_active":false,"_monsterinsights_sitenote_note":"","_monsterinsights_sitenote_category":0,"_joinchat":[]},"product_brand":[],"product_cat":[27],"product_tag":[],"class_list":{"0":"post-541","1":"product","2":"type-product","3":"status-publish","4":"has-post-thumbnail","6":"product_cat-livro","8":"first","9":"instock","10":"featured","11":"shipping-taxable","12":"purchasable","13":"product-type-simple"},"aioseo_notices":[],"jetpack_sharing_enabled":true,"_links":{"self":[{"href":"https:\/\/editoraarsregia.com\/index.php?rest_route=\/wp\/v2\/product\/541","targetHints":{"allow":["GET"]}}],"collection":[{"href":"https:\/\/editoraarsregia.com\/index.php?rest_route=\/wp\/v2\/product"}],"about":[{"href":"https:\/\/editoraarsregia.com\/index.php?rest_route=\/wp\/v2\/types\/product"}],"replies":[{"embeddable":true,"href":"https:\/\/editoraarsregia.com\/index.php?rest_route=%2Fwp%2Fv2%2Fcomments&post=541"}],"wp:featuredmedia":[{"embeddable":true,"href":"https:\/\/editoraarsregia.com\/index.php?rest_route=\/wp\/v2\/media\/542"}],"wp:attachment":[{"href":"https:\/\/editoraarsregia.com\/index.php?rest_route=%2Fwp%2Fv2%2Fmedia&parent=541"}],"wp:term":[{"taxonomy":"product_brand","embeddable":true,"href":"https:\/\/editoraarsregia.com\/index.php?rest_route=%2Fwp%2Fv2%2Fproduct_brand&post=541"},{"taxonomy":"product_cat","embeddable":true,"href":"https:\/\/editoraarsregia.com\/index.php?rest_route=%2Fwp%2Fv2%2Fproduct_cat&post=541"},{"taxonomy":"product_tag","embeddable":true,"href":"https:\/\/editoraarsregia.com\/index.php?rest_route=%2Fwp%2Fv2%2Fproduct_tag&post=541"}],"curies":[{"name":"wp","href":"https:\/\/api.w.org\/{rel}","templated":true}]}}