{"id":553,"date":"2024-04-09T11:09:30","date_gmt":"2024-04-09T14:09:30","guid":{"rendered":"https:\/\/editoraarsregia.com\/?post_type=product&#038;p=553"},"modified":"2025-08-21T17:49:53","modified_gmt":"2025-08-21T20:49:53","slug":"alexander-dugin-platonismo-politico","status":"publish","type":"product","link":"https:\/\/editoraarsregia.com\/?product=alexander-dugin-platonismo-politico","title":{"rendered":"Alexander Dugin &#8211; Platonismo Pol\u00edtico"},"content":{"rendered":"<p>Platonismo Pol\u00edtico: Toda a filosofia ocidental n\u00e3o \u00e9 sen\u00e3o uma nota de rodap\u00e9 de Plat\u00e3o. Foi o que disse o fil\u00f3sofo brit\u00e2nico Alfred North Whitehead, ecoando o sentimento de in\u00fameros outros pensadores ao longo da hist\u00f3ria. Mas um aspecto do pensamento plat\u00f4nico que tem sido ignorado \u00e9 a sua dimens\u00e3o pol\u00edtica.<\/p>\n<p>Criou-se um consenso acad\u00eamico que nega que Plat\u00e3o tenha oferecido, em sua famosa Rep\u00fablica, modelos e ideias aptas a serem aplicadas na pr\u00e1xis pol\u00edtica. N\u00e3o obstante, personagens como Karl Popper n\u00e3o deixaram de construir um liberalismo pol\u00edtico voltado contra Plat\u00e3o.<\/p>\n<p>Platonismo Pol\u00edtico, de Alexander Dugin, emerge precisamente com o objetivo de desvelar a dimens\u00e3o fundamentalmente pol\u00edtica de Plat\u00e3o, empreendendo ao mesmo tempo uma desconstru\u00e7\u00e3o filos\u00f3fica da filosofia pol\u00edtica ocidental.<\/p>\n","protected":false},"excerpt":{"rendered":"<p>Platonismo Pol\u00edtico: Toda a filosofia ocidental n\u00e3o \u00e9 sen\u00e3o uma nota de rodap\u00e9 de Plat\u00e3o. Foi o que disse o fil\u00f3sofo brit\u00e2nico Alfred North Whitehead, ecoando o sentimento de in\u00fameros outros pensadores ao longo da hist\u00f3ria. Mas um aspecto do pensamento plat\u00f4nico que tem sido ignorado \u00e9 a sua dimens\u00e3o pol\u00edtica. Criou-se um consenso acad\u00eamico [&hellip;]<\/p>\n","protected":false},"featured_media":554,"comment_status":"open","ping_status":"closed","template":"","meta":{"_monsterinsights_skip_tracking":false,"_monsterinsights_sitenote_active":false,"_monsterinsights_sitenote_note":"","_monsterinsights_sitenote_category":0,"_joinchat":[]},"product_brand":[],"product_cat":[27],"product_tag":[],"class_list":{"0":"post-553","1":"product","2":"type-product","3":"status-publish","4":"has-post-thumbnail","6":"product_cat-livro","8":"first","9":"instock","10":"shipping-taxable","11":"purchasable","12":"product-type-simple"},"aioseo_notices":[],"jetpack_sharing_enabled":true,"_links":{"self":[{"href":"https:\/\/editoraarsregia.com\/index.php?rest_route=\/wp\/v2\/product\/553","targetHints":{"allow":["GET"]}}],"collection":[{"href":"https:\/\/editoraarsregia.com\/index.php?rest_route=\/wp\/v2\/product"}],"about":[{"href":"https:\/\/editoraarsregia.com\/index.php?rest_route=\/wp\/v2\/types\/product"}],"replies":[{"embeddable":true,"href":"https:\/\/editoraarsregia.com\/index.php?rest_route=%2Fwp%2Fv2%2Fcomments&post=553"}],"wp:featuredmedia":[{"embeddable":true,"href":"https:\/\/editoraarsregia.com\/index.php?rest_route=\/wp\/v2\/media\/554"}],"wp:attachment":[{"href":"https:\/\/editoraarsregia.com\/index.php?rest_route=%2Fwp%2Fv2%2Fmedia&parent=553"}],"wp:term":[{"taxonomy":"product_brand","embeddable":true,"href":"https:\/\/editoraarsregia.com\/index.php?rest_route=%2Fwp%2Fv2%2Fproduct_brand&post=553"},{"taxonomy":"product_cat","embeddable":true,"href":"https:\/\/editoraarsregia.com\/index.php?rest_route=%2Fwp%2Fv2%2Fproduct_cat&post=553"},{"taxonomy":"product_tag","embeddable":true,"href":"https:\/\/editoraarsregia.com\/index.php?rest_route=%2Fwp%2Fv2%2Fproduct_tag&post=553"}],"curies":[{"name":"wp","href":"https:\/\/api.w.org\/{rel}","templated":true}]}}