{"id":597,"date":"2024-04-09T18:54:32","date_gmt":"2024-04-09T21:54:32","guid":{"rendered":"https:\/\/editoraarsregia.com\/?post_type=product&#038;p=597"},"modified":"2025-08-21T17:51:54","modified_gmt":"2025-08-21T20:51:54","slug":"jose-alsina-calves-o-hispanismo-como-quarta-teoria-politica","status":"publish","type":"product","link":"https:\/\/editoraarsregia.com\/?product=jose-alsina-calves-o-hispanismo-como-quarta-teoria-politica","title":{"rendered":"Jos\u00e9 Alsina Calv\u00e9s &#8211; O Hispanismo como Quarta Teoria Pol\u00edtica"},"content":{"rendered":"<p>O Hispanismo como Quarta Teoria Pol\u00edtica: Comunismo e fascismo est\u00e3o mortos, o liberalismo se tornou hegem\u00f4nico e assumiu sua face p\u00f3s-moderna tir\u00e2nica. Os povos do mundo precisam de uma alternativa. Eis que entra em cena a Quarta Teoria Pol\u00edtica.<\/p>\n<p>Mas a Quarta Teoria Pol\u00edtica n\u00e3o \u00e9 uma ideologia ou dogma, e sim uma estrutura te\u00f3rica, uma caixa de ferramentas cuja finalidade \u00e9 precisamente permitir que cada povo protagonize na teoria e na pr\u00e1xis a pr\u00f3pria liberta\u00e7\u00e3o.<\/p>\n<p>Neste novo lan\u00e7amento, o catal\u00e3o Jos\u00e9 Alsina Calv\u00e9s aplica as ferramentas intelectuais projetadas por Alexander Dugin ao caso concreto da cultura espanhola, mostrando como atualizar a Hispanidade para o s\u00e9culo XXI.<\/p>\n","protected":false},"excerpt":{"rendered":"<p>O Hispanismo como Quarta Teoria Pol\u00edtica: Comunismo e fascismo est\u00e3o mortos, o liberalismo se tornou hegem\u00f4nico e assumiu sua face p\u00f3s-moderna tir\u00e2nica. Os povos do mundo precisam de uma alternativa. Eis que entra em cena a Quarta Teoria Pol\u00edtica. Mas a Quarta Teoria Pol\u00edtica n\u00e3o \u00e9 uma ideologia ou dogma, e sim uma estrutura te\u00f3rica, [&hellip;]<\/p>\n","protected":false},"featured_media":603,"comment_status":"open","ping_status":"closed","template":"","meta":{"_monsterinsights_skip_tracking":false,"_monsterinsights_sitenote_active":false,"_monsterinsights_sitenote_note":"","_monsterinsights_sitenote_category":0,"_joinchat":[]},"product_brand":[],"product_cat":[27],"product_tag":[],"class_list":{"0":"post-597","1":"product","2":"type-product","3":"status-publish","4":"has-post-thumbnail","6":"product_cat-livro","8":"first","9":"instock","10":"shipping-taxable","11":"purchasable","12":"product-type-simple"},"aioseo_notices":[],"jetpack_sharing_enabled":true,"_links":{"self":[{"href":"https:\/\/editoraarsregia.com\/index.php?rest_route=\/wp\/v2\/product\/597","targetHints":{"allow":["GET"]}}],"collection":[{"href":"https:\/\/editoraarsregia.com\/index.php?rest_route=\/wp\/v2\/product"}],"about":[{"href":"https:\/\/editoraarsregia.com\/index.php?rest_route=\/wp\/v2\/types\/product"}],"replies":[{"embeddable":true,"href":"https:\/\/editoraarsregia.com\/index.php?rest_route=%2Fwp%2Fv2%2Fcomments&post=597"}],"wp:featuredmedia":[{"embeddable":true,"href":"https:\/\/editoraarsregia.com\/index.php?rest_route=\/wp\/v2\/media\/603"}],"wp:attachment":[{"href":"https:\/\/editoraarsregia.com\/index.php?rest_route=%2Fwp%2Fv2%2Fmedia&parent=597"}],"wp:term":[{"taxonomy":"product_brand","embeddable":true,"href":"https:\/\/editoraarsregia.com\/index.php?rest_route=%2Fwp%2Fv2%2Fproduct_brand&post=597"},{"taxonomy":"product_cat","embeddable":true,"href":"https:\/\/editoraarsregia.com\/index.php?rest_route=%2Fwp%2Fv2%2Fproduct_cat&post=597"},{"taxonomy":"product_tag","embeddable":true,"href":"https:\/\/editoraarsregia.com\/index.php?rest_route=%2Fwp%2Fv2%2Fproduct_tag&post=597"}],"curies":[{"name":"wp","href":"https:\/\/api.w.org\/{rel}","templated":true}]}}