{"id":600,"date":"2024-04-09T18:58:19","date_gmt":"2024-04-09T21:58:19","guid":{"rendered":"https:\/\/editoraarsregia.com\/?post_type=product&#038;p=600"},"modified":"2025-08-21T17:52:41","modified_gmt":"2025-08-21T20:52:41","slug":"alberto-buela-hispano-america-contra-o-ocidente","status":"publish","type":"product","link":"https:\/\/editoraarsregia.com\/?product=alberto-buela-hispano-america-contra-o-ocidente","title":{"rendered":"Alberto Buela &#8211; Hispano-Am\u00e9rica Contra o Ocidente"},"content":{"rendered":"<p>Hispano-Am\u00e9rica Contra o Ocidente: O mundo se v\u00ea em um momento de transi\u00e7\u00e3o em que a unipolaridade centrada nos EUA parece so\u00e7obrar e desponta a aurora da multipolaridade. Nesse contexto, v\u00e1rios pensadores apostam que nosso continente ter\u00e1 um papel a desempenhar.<\/p>\n<p>Mas quem somos? Afinal, somos latino-americanos, hispano-americanos ou ibero-americanos? O Brasil pertence \u00e0 mesma civiliza\u00e7\u00e3o que seus pa\u00edses vizinhos? E o que, de fato, demarca o Ser de nossa civiliza\u00e7\u00e3o. A impress\u00e3o que se t\u00eam \u00e9 de que estamos muito atrasados na compreens\u00e3o de n\u00f3s mesmos.<\/p>\n<p>Para dar uma contribui\u00e7\u00e3o fundamental a essas reflex\u00f5es, o fil\u00f3sofo argentino Alberto Buela mergulha na ess\u00eancia de nosso continente para que, conscientes de n\u00f3s mesmos, possamos afirmar nosso lugar em um mundo que ingressa na multipolaridade.<\/p>\n","protected":false},"excerpt":{"rendered":"<p>Hispano-Am\u00e9rica Contra o Ocidente: O mundo se v\u00ea em um momento de transi\u00e7\u00e3o em que a unipolaridade centrada nos EUA parece so\u00e7obrar e desponta a aurora da multipolaridade. Nesse contexto, v\u00e1rios pensadores apostam que nosso continente ter\u00e1 um papel a desempenhar. Mas quem somos? Afinal, somos latino-americanos, hispano-americanos ou ibero-americanos? O Brasil pertence \u00e0 mesma [&hellip;]<\/p>\n","protected":false},"featured_media":599,"comment_status":"open","ping_status":"closed","template":"","meta":{"_monsterinsights_skip_tracking":false,"_monsterinsights_sitenote_active":false,"_monsterinsights_sitenote_note":"","_monsterinsights_sitenote_category":0,"_joinchat":[]},"product_brand":[],"product_cat":[27],"product_tag":[],"class_list":{"0":"post-600","1":"product","2":"type-product","3":"status-publish","4":"has-post-thumbnail","6":"product_cat-livro","8":"first","9":"instock","10":"shipping-taxable","11":"purchasable","12":"product-type-simple"},"aioseo_notices":[],"jetpack_sharing_enabled":true,"_links":{"self":[{"href":"https:\/\/editoraarsregia.com\/index.php?rest_route=\/wp\/v2\/product\/600","targetHints":{"allow":["GET"]}}],"collection":[{"href":"https:\/\/editoraarsregia.com\/index.php?rest_route=\/wp\/v2\/product"}],"about":[{"href":"https:\/\/editoraarsregia.com\/index.php?rest_route=\/wp\/v2\/types\/product"}],"replies":[{"embeddable":true,"href":"https:\/\/editoraarsregia.com\/index.php?rest_route=%2Fwp%2Fv2%2Fcomments&post=600"}],"wp:featuredmedia":[{"embeddable":true,"href":"https:\/\/editoraarsregia.com\/index.php?rest_route=\/wp\/v2\/media\/599"}],"wp:attachment":[{"href":"https:\/\/editoraarsregia.com\/index.php?rest_route=%2Fwp%2Fv2%2Fmedia&parent=600"}],"wp:term":[{"taxonomy":"product_brand","embeddable":true,"href":"https:\/\/editoraarsregia.com\/index.php?rest_route=%2Fwp%2Fv2%2Fproduct_brand&post=600"},{"taxonomy":"product_cat","embeddable":true,"href":"https:\/\/editoraarsregia.com\/index.php?rest_route=%2Fwp%2Fv2%2Fproduct_cat&post=600"},{"taxonomy":"product_tag","embeddable":true,"href":"https:\/\/editoraarsregia.com\/index.php?rest_route=%2Fwp%2Fv2%2Fproduct_tag&post=600"}],"curies":[{"name":"wp","href":"https:\/\/api.w.org\/{rel}","templated":true}]}}