{"id":606,"date":"2024-04-09T19:02:33","date_gmt":"2024-04-09T22:02:33","guid":{"rendered":"https:\/\/editoraarsregia.com\/?post_type=product&#038;p=606"},"modified":"2025-08-21T17:53:17","modified_gmt":"2025-08-21T20:53:17","slug":"joao-franco-a-ideia-juche","status":"publish","type":"product","link":"https:\/\/editoraarsregia.com\/?product=joao-franco-a-ideia-juche","title":{"rendered":"Jo\u00e3o Franco &#8211; A Ideia Juche"},"content":{"rendered":"<p>A Ideia Juche: A Coreia do Norte permanece um mist\u00e9rio para a maioria dos estrangeiros, especialmente em um pa\u00eds t\u00e3o long\u00ednquo e diferente quanto o Brasil. Mas uma certeza que todos t\u00eam \u00e9 que se trata de um dos \u00faltimos pa\u00edses comunistas do planeta.<\/p>\n<p>Mas ser\u00e1 que \u00e9 poss\u00edvel enquadr\u00e1-la assim de forma t\u00e3o simples? De fato, qualquer observador s\u00e9rio poder\u00e1 apontar que a ideologia oficial norte-coreana, chamada \u201cJuche\u201d, possui uma s\u00e9rie de peculiaridades que v\u00e3o al\u00e9m de um mero \u201ccomunismo nacional\u201d. Mas que peculiaridades seriam essas?<\/p>\n<p>Esta obra, escrita pelo portugu\u00eas Jo\u00e3o Franco, se prop\u00f5e precisamente a investigar a Ideia Juche, sem os preconceitos ocidentalistas e tampouco as amarras dogm\u00e1ticas do marxismo-leninismo.<\/p>\n","protected":false},"excerpt":{"rendered":"<p>A Ideia Juche: A Coreia do Norte permanece um mist\u00e9rio para a maioria dos estrangeiros, especialmente em um pa\u00eds t\u00e3o long\u00ednquo e diferente quanto o Brasil. Mas uma certeza que todos t\u00eam \u00e9 que se trata de um dos \u00faltimos pa\u00edses comunistas do planeta. Mas ser\u00e1 que \u00e9 poss\u00edvel enquadr\u00e1-la assim de forma t\u00e3o simples? [&hellip;]<\/p>\n","protected":false},"featured_media":607,"comment_status":"open","ping_status":"closed","template":"","meta":{"_monsterinsights_skip_tracking":false,"_monsterinsights_sitenote_active":false,"_monsterinsights_sitenote_note":"","_monsterinsights_sitenote_category":0,"_joinchat":[]},"product_brand":[],"product_cat":[27],"product_tag":[],"class_list":{"0":"post-606","1":"product","2":"type-product","3":"status-publish","4":"has-post-thumbnail","6":"product_cat-livro","8":"first","9":"instock","10":"shipping-taxable","11":"purchasable","12":"product-type-simple"},"aioseo_notices":[],"jetpack_sharing_enabled":true,"_links":{"self":[{"href":"https:\/\/editoraarsregia.com\/index.php?rest_route=\/wp\/v2\/product\/606","targetHints":{"allow":["GET"]}}],"collection":[{"href":"https:\/\/editoraarsregia.com\/index.php?rest_route=\/wp\/v2\/product"}],"about":[{"href":"https:\/\/editoraarsregia.com\/index.php?rest_route=\/wp\/v2\/types\/product"}],"replies":[{"embeddable":true,"href":"https:\/\/editoraarsregia.com\/index.php?rest_route=%2Fwp%2Fv2%2Fcomments&post=606"}],"wp:featuredmedia":[{"embeddable":true,"href":"https:\/\/editoraarsregia.com\/index.php?rest_route=\/wp\/v2\/media\/607"}],"wp:attachment":[{"href":"https:\/\/editoraarsregia.com\/index.php?rest_route=%2Fwp%2Fv2%2Fmedia&parent=606"}],"wp:term":[{"taxonomy":"product_brand","embeddable":true,"href":"https:\/\/editoraarsregia.com\/index.php?rest_route=%2Fwp%2Fv2%2Fproduct_brand&post=606"},{"taxonomy":"product_cat","embeddable":true,"href":"https:\/\/editoraarsregia.com\/index.php?rest_route=%2Fwp%2Fv2%2Fproduct_cat&post=606"},{"taxonomy":"product_tag","embeddable":true,"href":"https:\/\/editoraarsregia.com\/index.php?rest_route=%2Fwp%2Fv2%2Fproduct_tag&post=606"}],"curies":[{"name":"wp","href":"https:\/\/api.w.org\/{rel}","templated":true}]}}