{"id":737,"date":"2025-01-24T22:13:36","date_gmt":"2025-01-25T01:13:36","guid":{"rendered":"https:\/\/editoraarsregia.com\/?post_type=product&#038;p=737"},"modified":"2025-08-21T17:53:59","modified_gmt":"2025-08-21T20:53:59","slug":"alain-de-benoist-os-demonios-do-bem","status":"publish","type":"product","link":"https:\/\/editoraarsregia.com\/?product=alain-de-benoist-os-demonios-do-bem","title":{"rendered":"Alain de Benoist &#8211; Os Dem\u00f4nios do Bem"},"content":{"rendered":"<p>Os Dem\u00f4nios do Bem: Na grande diversidade humana e entre as v\u00e1rias maneiras pelas quais pode-se distinguir entre seres humanos, talvez nenhuma diferen\u00e7a seja t\u00e3o radical quanto a distin\u00e7\u00e3o homem\/mulher. N\u00e3o obstante, curiosamente, poucas distin\u00e7\u00f5es s\u00e3o t\u00e3o pol\u00eamicas hoje quanto essa.<\/p>\n<p>Ao mesmo tempo em que se viu no Ocidente uma permissividade cada vez maior em todas as quest\u00f5es sexuais, a sociedade parece se tornar cada vez mais moralista, regulando os discursos, judicializando cada vez mais as rela\u00e7\u00f5es homem-mulher e demonizando as perspectivas tradicionais sobre sexo e g\u00eanero.<\/p>\n<p>Em Os Dem\u00f4nios do Bem, o franc\u00eas Alain de Benoist faz uma an\u00e1lise panor\u00e2mica das maneiras pelas quais a modernidade e a p\u00f3s-modernidade tem lidado com sexo e g\u00eanero, apontando as ra\u00edzes das atuais confus\u00f5es sobre esses temas.<\/p>\n","protected":false},"excerpt":{"rendered":"<p>Os Dem\u00f4nios do Bem: Na grande diversidade humana e entre as v\u00e1rias maneiras pelas quais pode-se distinguir entre seres humanos, talvez nenhuma diferen\u00e7a seja t\u00e3o radical quanto a distin\u00e7\u00e3o homem\/mulher. N\u00e3o obstante, curiosamente, poucas distin\u00e7\u00f5es s\u00e3o t\u00e3o pol\u00eamicas hoje quanto essa. Ao mesmo tempo em que se viu no Ocidente uma permissividade cada vez maior [&hellip;]<\/p>\n","protected":false},"featured_media":738,"comment_status":"open","ping_status":"closed","template":"","meta":{"_monsterinsights_skip_tracking":false,"_monsterinsights_sitenote_active":false,"_monsterinsights_sitenote_note":"","_monsterinsights_sitenote_category":0,"_joinchat":[]},"product_brand":[],"product_cat":[27],"product_tag":[],"class_list":{"0":"post-737","1":"product","2":"type-product","3":"status-publish","4":"has-post-thumbnail","6":"product_cat-livro","8":"first","9":"instock","10":"shipping-taxable","11":"purchasable","12":"product-type-simple"},"aioseo_notices":[],"jetpack_sharing_enabled":true,"_links":{"self":[{"href":"https:\/\/editoraarsregia.com\/index.php?rest_route=\/wp\/v2\/product\/737","targetHints":{"allow":["GET"]}}],"collection":[{"href":"https:\/\/editoraarsregia.com\/index.php?rest_route=\/wp\/v2\/product"}],"about":[{"href":"https:\/\/editoraarsregia.com\/index.php?rest_route=\/wp\/v2\/types\/product"}],"replies":[{"embeddable":true,"href":"https:\/\/editoraarsregia.com\/index.php?rest_route=%2Fwp%2Fv2%2Fcomments&post=737"}],"wp:featuredmedia":[{"embeddable":true,"href":"https:\/\/editoraarsregia.com\/index.php?rest_route=\/wp\/v2\/media\/738"}],"wp:attachment":[{"href":"https:\/\/editoraarsregia.com\/index.php?rest_route=%2Fwp%2Fv2%2Fmedia&parent=737"}],"wp:term":[{"taxonomy":"product_brand","embeddable":true,"href":"https:\/\/editoraarsregia.com\/index.php?rest_route=%2Fwp%2Fv2%2Fproduct_brand&post=737"},{"taxonomy":"product_cat","embeddable":true,"href":"https:\/\/editoraarsregia.com\/index.php?rest_route=%2Fwp%2Fv2%2Fproduct_cat&post=737"},{"taxonomy":"product_tag","embeddable":true,"href":"https:\/\/editoraarsregia.com\/index.php?rest_route=%2Fwp%2Fv2%2Fproduct_tag&post=737"}],"curies":[{"name":"wp","href":"https:\/\/api.w.org\/{rel}","templated":true}]}}